{"id":4067,"date":"2021-09-27T11:22:01","date_gmt":"2021-09-27T14:22:01","guid":{"rendered":"https:\/\/agendaelectronica.udp.cl\/bienestar-estudiantil\/?page_id=4067"},"modified":"2023-03-02T11:42:43","modified_gmt":"2023-03-02T14:42:43","slug":"sede-centro-asistencia-social","status":"publish","type":"page","link":"https:\/\/agendaelectronica.udp.cl\/bienestar-estudiantil\/sede-centro-asistencia-social\/","title":{"rendered":"Sede Centro &#8211; Asistencia Social"},"content":{"rendered":"<p>Seleccione una fecha y un bloque horario para tomar una hora de atenci\u00f3n en la Sede Centro ubicada en Manuel Rodr\u00edguez Sur 343, 2do piso, Santiago.<\/p>\n<p>Esta agenda comprende atenci\u00f3n social para informaci\u00f3n general de beneficios estudiantiles. En caso de consultas con respecto a acreditaci\u00f3n socioecon\u00f3mica y\/o apelaci\u00f3n a beneficios MINEDUC, escribe a acreditacionudp@mail.udp.cl<\/p>\n<div class=\"booked-calendar-shortcode-wrap\"><div class=\"booked-calendar-wrap large\"><table class=\"booked-calendar\" data-calendar-id=\"3\" data-calendar-date=\"2026-05-01\">\n\t\t<thead>\n\n\t\t\t\n\t\t\t<tr>\n\t\t\t\t<th colspan=\"5\">\n\t\t\t\t\t\t\t\t\t\t<span class=\"calendarSavingState\">\n\t\t\t\t\t\t<i class=\"booked-icon booked-icon-spinner-clock booked-icon-spin\"><\/i>\n\t\t\t\t\t<\/span>\n\t\t\t\t\t<span class=\"monthName\">\n\t\t\t\t\t\tMayo 2026\t\t\t\t\t\t\t\t\t\t\t<\/span>\n\t\t\t\t\t<a href=\"#\" data-goto=\"2026-06-01\" class=\"page-right\"><i class=\"booked-icon booked-icon-arrow-right\"><\/i><\/a>\t\t\t\t<\/th>\n\t\t\t<\/tr>\n\t\t\t<tr class=\"days\">\n\t\t\t\t\t\t\t\t<th>Lun<\/th>\n\t\t\t\t<th>Mar<\/th>\n\t\t\t\t<th>Mi\u00e9<\/th>\n\t\t\t\t<th>Jue<\/th>\n\t\t\t\t<th>Vie<\/th>\n\t\t\t\t\t\t\t\t\t\t\t<\/tr>\n\t\t<\/thead>\n\t\t<tbody><tr class=\"week\"><td data-date=\"2026-04-27\" class=\"prev-month prev-date\"><span class=\"date\"><span class=\"number\">27<\/span><\/span><\/td><td data-date=\"2026-04-28\" class=\"prev-month prev-date\"><span class=\"date\"><span class=\"number\">28<\/span><\/span><\/td><td data-date=\"2026-04-29\" class=\"prev-month prev-date\"><span class=\"date\"><span class=\"number\">29<\/span><\/span><\/td><td data-date=\"2026-04-30\" class=\"prev-month prev-date\"><span class=\"date\"><span class=\"number\">30<\/span><\/span><\/td><td data-date=\"2026-05-1\" class=\"prev-date\"><span class=\"date\"><span class=\"number\">1<\/span><\/span><\/td><\/tr><tr class=\"week\"><td data-date=\"2026-05-4\" class=\"prev-date\"><span class=\"date\"><span class=\"number\">4<\/span><\/span><\/td><td data-date=\"2026-05-5\" class=\"booked prev-date\"><span class=\"date\"><span class=\"number\">5<\/span><\/span><\/td><td data-date=\"2026-05-6\" class=\"prev-date\"><span class=\"date\"><span class=\"number\">6<\/span><\/span><\/td><td data-date=\"2026-05-7\" class=\"booked prev-date\"><span class=\"date\"><span class=\"number\">7<\/span><\/span><\/td><td data-date=\"2026-05-8\" class=\"prev-date\"><span class=\"date\"><span class=\"number\">8<\/span><\/span><\/td><\/tr><tr class=\"week\"><td data-date=\"2026-05-11\" class=\"booked prev-date\"><span class=\"date\"><span class=\"number\">11<\/span><\/span><\/td><td data-date=\"2026-05-12\" class=\"booked prev-date\"><span class=\"date\"><span class=\"number\">12<\/span><\/span><\/td><td data-date=\"2026-05-13\" class=\"booked prev-date\"><span class=\"date\"><span class=\"number\">13<\/span><\/span><\/td><td data-date=\"2026-05-14\" class=\"prev-date\"><span class=\"date\"><span class=\"number\">14<\/span><\/span><\/td><td data-date=\"2026-05-15\" class=\"prev-date\"><span class=\"date\"><span class=\"number\">15<\/span><\/span><\/td><\/tr><tr class=\"week\"><td data-date=\"2026-05-18\" class=\"prev-date\"><span class=\"date\"><span class=\"number\">18<\/span><\/span><\/td><td data-date=\"2026-05-19\" class=\"prev-date\"><span class=\"date\"><span class=\"number\">19<\/span><\/span><\/td><td data-date=\"2026-05-20\" class=\"booked prev-date\"><span class=\"date\"><span class=\"number\">20<\/span><\/span><\/td><td data-date=\"2026-05-21\" class=\"prev-date\"><span class=\"date\"><span class=\"number\">21<\/span><\/span><\/td><td data-date=\"2026-05-22\" class=\"prev-date\"><span class=\"date\"><span class=\"number\">22<\/span><\/span><\/td><\/tr><tr class=\"week\"><td data-date=\"2026-05-25\" class=\"\"><span class=\"date tooltipster\" title=\"3 disponible\"><span class=\"number\">25<\/span><\/span><\/td><td data-date=\"2026-05-26\" class=\"\"><span class=\"date tooltipster\" title=\"4 disponible\"><span class=\"number\">26<\/span><\/span><\/td><td data-date=\"2026-05-27\" class=\"\"><span class=\"date tooltipster\" title=\"2 disponible\"><span class=\"number\">27<\/span><\/span><\/td><td data-date=\"2026-05-28\" class=\"\"><span class=\"date tooltipster\" title=\"5 disponible\"><span class=\"number\">28<\/span><\/span><\/td><td data-date=\"2026-05-29\" class=\"prev-date\"><span class=\"date\"><span class=\"number\">29<\/span><\/span><\/td><\/tr>\t\t<\/tbody>\n\t<\/table><\/div><\/div>\n","protected":false},"excerpt":{"rendered":"<p>Seleccione una fecha y un bloque horario para tomar una hora de atenci\u00f3n en la Sede Centro ubicada en Manuel Rodr\u00edguez Sur 343, 2do piso, Santiago. Esta agenda comprende atenci\u00f3n social para informaci\u00f3n general de beneficios estudiantiles. En caso de consultas con respecto a acreditaci\u00f3n socioecon\u00f3mica y\/o apelaci\u00f3n a beneficios MINEDUC, escribe a acreditacionudp@mail.udp.cl<\/p>\n","protected":false},"author":2,"featured_media":0,"parent":0,"menu_order":3,"comment_status":"closed","ping_status":"closed","template":"","meta":[],"_links":{"self":[{"href":"https:\/\/agendaelectronica.udp.cl\/bienestar-estudiantil\/wp-json\/wp\/v2\/pages\/4067"}],"collection":[{"href":"https:\/\/agendaelectronica.udp.cl\/bienestar-estudiantil\/wp-json\/wp\/v2\/pages"}],"about":[{"href":"https:\/\/agendaelectronica.udp.cl\/bienestar-estudiantil\/wp-json\/wp\/v2\/types\/page"}],"author":[{"embeddable":true,"href":"https:\/\/agendaelectronica.udp.cl\/bienestar-estudiantil\/wp-json\/wp\/v2\/users\/2"}],"replies":[{"embeddable":true,"href":"https:\/\/agendaelectronica.udp.cl\/bienestar-estudiantil\/wp-json\/wp\/v2\/comments?post=4067"}],"version-history":[{"count":3,"href":"https:\/\/agendaelectronica.udp.cl\/bienestar-estudiantil\/wp-json\/wp\/v2\/pages\/4067\/revisions"}],"predecessor-version":[{"id":7351,"href":"https:\/\/agendaelectronica.udp.cl\/bienestar-estudiantil\/wp-json\/wp\/v2\/pages\/4067\/revisions\/7351"}],"wp:attachment":[{"href":"https:\/\/agendaelectronica.udp.cl\/bienestar-estudiantil\/wp-json\/wp\/v2\/media?parent=4067"}],"curies":[{"name":"wp","href":"https:\/\/api.w.org\/{rel}","templated":true}]}}