{"id":7465,"date":"2026-03-18T12:04:22","date_gmt":"2026-03-18T16:04:22","guid":{"rendered":"https:\/\/agendaelectronica.udp.cl\/atencion-psicologica-individual\/?page_id=7465"},"modified":"2026-04-14T09:15:28","modified_gmt":"2026-04-14T13:15:28","slug":"salud-mental-estudiantil","status":"publish","type":"page","link":"https:\/\/agendaelectronica.udp.cl\/atencion-psicologica-individual\/","title":{"rendered":"_____________________________"},"content":{"rendered":"<h3 style=\"text-align: center;\"><strong>\u00bfQu\u00e9 son las consejer\u00edas?<\/strong><\/h3>\n<p style=\"text-align: center;\"><strong>Las consejer\u00edas son un espacio breve de apoyo psicol\u00f3gico individual,<\/strong> en donde una sesi\u00f3n puede ser suficiente.<br \/>\nSu objetivo es promover el bienestar y desarrollo integral, ayud\u00e1ndote a identificar metas claras en el presente y a encontrar tus propias herramientas para enfrentar desaf\u00edos. Si necesitas atenci\u00f3n m\u00e1s especializada o a largo plazo en salud mental, podemos orientarte y\/o derivarte seg\u00fan tus necesidades.<br \/>\nEl proceso es guiado por un\/a psic\u00f3logo\/a con experiencia en el \u00e1mbito universitario, quien tambi\u00e9n te apoyar\u00e1 a definir tus objetivos si a\u00fan no los tienes claros.<\/p>\n<p style=\"text-align: center;\">Todas las horas se agendan de manera autom\u00e1tica en modalidad presencial. En caso de que necesites una hora en modalidad online, escribe a <strong><em>saludmentalestudiantil@mail.udp.cl.<\/em><\/strong><\/p>\n<p style=\"text-align: center;\">Ante cualquier cambio y\/o eventualidad con tu hora, siempre se te ser\u00e1 informado\/a.<\/p>\n","protected":false},"excerpt":{"rendered":"<p>\u00bfQu\u00e9 son las consejer\u00edas? Las consejer\u00edas son un espacio breve de apoyo psicol\u00f3gico individual, en donde una sesi\u00f3n puede ser suficiente. Su objetivo es promover el bienestar y desarrollo integral, ayud\u00e1ndote a identificar metas claras en el presente y a encontrar tus propias herramientas para enfrentar desaf\u00edos. Si necesitas atenci\u00f3n m\u00e1s especializada o a largo [&hellip;]<\/p>\n","protected":false},"author":18,"featured_media":0,"parent":0,"menu_order":0,"comment_status":"closed","ping_status":"closed","template":"","meta":[],"_links":{"self":[{"href":"https:\/\/agendaelectronica.udp.cl\/atencion-psicologica-individual\/wp-json\/wp\/v2\/pages\/7465"}],"collection":[{"href":"https:\/\/agendaelectronica.udp.cl\/atencion-psicologica-individual\/wp-json\/wp\/v2\/pages"}],"about":[{"href":"https:\/\/agendaelectronica.udp.cl\/atencion-psicologica-individual\/wp-json\/wp\/v2\/types\/page"}],"author":[{"embeddable":true,"href":"https:\/\/agendaelectronica.udp.cl\/atencion-psicologica-individual\/wp-json\/wp\/v2\/users\/18"}],"replies":[{"embeddable":true,"href":"https:\/\/agendaelectronica.udp.cl\/atencion-psicologica-individual\/wp-json\/wp\/v2\/comments?post=7465"}],"version-history":[{"count":11,"href":"https:\/\/agendaelectronica.udp.cl\/atencion-psicologica-individual\/wp-json\/wp\/v2\/pages\/7465\/revisions"}],"predecessor-version":[{"id":7602,"href":"https:\/\/agendaelectronica.udp.cl\/atencion-psicologica-individual\/wp-json\/wp\/v2\/pages\/7465\/revisions\/7602"}],"wp:attachment":[{"href":"https:\/\/agendaelectronica.udp.cl\/atencion-psicologica-individual\/wp-json\/wp\/v2\/media?parent=7465"}],"curies":[{"name":"wp","href":"https:\/\/api.w.org\/{rel}","templated":true}]}}